{"id":2,"date":"2023-02-26T11:40:41","date_gmt":"2023-02-26T11:40:41","guid":{"rendered":"http:\/\/test.yardim.fr\/?page_id=2"},"modified":"2023-02-26T17:03:30","modified_gmt":"2023-02-26T17:03:30","slug":"sample-page","status":"publish","type":"page","link":"https:\/\/test.yardim.fr\/","title":{"rendered":"Page d'exemple"},"content":{"rendered":"\n<p>Il s'agit d'une page d'exemple. Elle est diff\u00e9rente d'un article de blog car elle reste \u00e0 un seul endroit et appara\u00eet dans la navigation de votre site (dans la plupart des th\u00e8mes). La plupart des gens commencent par une page \u00c0 propos qui les pr\u00e9sente aux visiteurs potentiels du site. Elle peut ressembler \u00e0 ceci :<\/p>\n","protected":false},"excerpt":{"rendered":"<p>Il s'agit d'une page d'exemple. Elle est diff\u00e9rente d'un article de blog car elle reste \u00e0 un seul endroit et appara\u00eet dans la navigation de votre site (dans la plupart des th\u00e8mes). La plupart des gens commencent par une page \u00c0 propos qui les pr\u00e9sente aux visiteurs potentiels du site. Elle peut ressembler \u00e0 ceci [&hellip;]<\/p>\n","protected":false},"author":1,"featured_media":0,"parent":0,"menu_order":0,"comment_status":"closed","ping_status":"open","template":"","meta":[],"_links":{"self":[{"href":"https:\/\/test.yardim.fr\/index.php\/wp-json\/wp\/v2\/pages\/2"}],"collection":[{"href":"https:\/\/test.yardim.fr\/index.php\/wp-json\/wp\/v2\/pages"}],"about":[{"href":"https:\/\/test.yardim.fr\/index.php\/wp-json\/wp\/v2\/types\/page"}],"author":[{"embeddable":true,"href":"https:\/\/test.yardim.fr\/index.php\/wp-json\/wp\/v2\/users\/1"}],"replies":[{"embeddable":true,"href":"https:\/\/test.yardim.fr\/index.php\/wp-json\/wp\/v2\/comments?post=2"}],"version-history":[{"count":1,"href":"https:\/\/test.yardim.fr\/index.php\/wp-json\/wp\/v2\/pages\/2\/revisions"}],"predecessor-version":[{"id":36,"href":"https:\/\/test.yardim.fr\/index.php\/wp-json\/wp\/v2\/pages\/2\/revisions\/36"}],"wp:attachment":[{"href":"https:\/\/test.yardim.fr\/index.php\/wp-json\/wp\/v2\/media?parent=2"}],"curies":[{"name":"wp","href":"https:\/\/api.w.org\/{rel}","templated":true}]}}